{"id":901,"date":"2023-11-30T18:58:44","date_gmt":"2023-11-30T18:58:44","guid":{"rendered":"https:\/\/creobtest.com\/index.php\/politique\/"},"modified":"2023-11-30T18:58:45","modified_gmt":"2023-11-30T18:58:45","slug":"politique","status":"publish","type":"page","link":"https:\/\/creobtest.com\/index.php\/politique\/","title":{"rendered":"Politique"},"content":{"rendered":"\n  \n    <section class=\"u-clearfix u-grey-5 u-section-1\" id=\"sec-a3b9\">\n      <div class=\"u-clearfix u-sheet u-sheet-1\">\n        <h3 class=\"u-text u-text-1\">Politique et confidentialit\u00e9<\/h3>\n        <p class=\"u-text u-text-2\">\n          <span style=\"font-size: 1.875rem;\">\n            <span style=\"font-weight: 700;\">Introduction<\/span>\n          <\/span>\n          <br>Devant le d\u00e9veloppement des nouveaux outils de communication, il est n\u00e9cessaire de porter une attention particuli\u00e8re \u00e0 la protection de la vie priv\u00e9e. C\u2019est pourquoi MIR s\u2019engage \u00e0 respecter la confidentialit\u00e9 des renseignements personnels collect\u00e9s.<br>\n          <br>\n          <span style=\"font-size: 1.875rem; font-weight: 700;\">\u00c0 propos du site web<\/span>\n          <br>Le site Web de MIR est op\u00e9r\u00e9 par Cr\u00e9ob.<br>L\u2019utilisateur(trice) qui consulte le site Web est li\u00e9 par les pr\u00e9sentes conditions.<br>Site Web :&nbsp;<a href=\"https:\/\/www.webaquebec.org\/\" class=\"mFBTW sc-1u7r5kh-4 u-active-none u-border-none u-btn u-button-style u-hover-none u-none u-text-palette-1-base u-btn-1\">https:\/\/www.mircoiffure.ca<\/a>\n          <br>\n          <br>\n          <span style=\"font-size: 1.875rem; font-weight: 700;\">Propri\u00e9t\u00e9 intellectuelle<\/span>\n          <br>Il est \u00e0 noter que le site Web et son contenu demeurent la propri\u00e9t\u00e9 de l\u2019op\u00e9rateur.<br>\n          <br>\n          <span style=\"font-size: 1.875rem; font-weight: 700;\">Collecte de renseignements personnels<\/span>\n          <br>Nous collectons les renseignements suivants:<br>Nom<br>Pr\u00e9nom<br>&nbsp; &nbsp;Adresse \u00e9lectronique<br>&nbsp; &nbsp;Adresse IP<br>Les renseignements personnels sont recueillis au travers de formulaires et de l\u2019interactivit\u00e9 \u00e9tablie entre notre site Web et l\u2019utilisateur. \u200bMIR  utilise \u00e9galement des fichiers t\u00e9moins (cookies) et\/ou journaux pour r\u00e9unir des informations qui te concernent.Il est \u00e0 noter que les renseignements utilisateurs ne sont jamais divulgu\u00e9s \u00e0 des tiers ni utilis\u00e9s \u00e0 des fins commerciales, \u00e0 moins que ton consentement ait \u00e9t\u00e9 donn\u00e9.<br>\n          <br>\n          <span style=\"font-size: 1.875rem; font-weight: 700;\">Formulaires et interactivit\u00e9<\/span>\n          <br>Vos renseignements personnels sont collect\u00e9s par le biais de formulaires, \u00e0 savoir :Formulaire d\u2019inscription \u00e0 l\u2019infolettre<br>Formulaire de contact<br>Formulaire d\u2019achat de billets<br>Fiche participant(e) dans l\u2019application de l\u2019\u00e9v\u00e9nement<br> MIR  collecte les renseignements des utilisateurs(trices) qui s\u2019inscrivent \u00e0 notre liste de diffusion (nom, pr\u00e9nom, adresse \u00e9lectronique). Les renseignements ainsi collect\u00e9s le sont pour les finalit\u00e9s suivantes :<br>&nbsp; &nbsp;Informations<br>&nbsp; &nbsp;Offres promotionnelles<br>&nbsp; &nbsp;Statistiques<br>&nbsp; &nbsp;Contact<br>\n          <br>Ces donn\u00e9es ne sont jamais vendues \u00e0 des tiers et les abonn\u00e9s peuvent se d\u00e9sabonner \u00e0 tout moment. Elles peuvent cependant \u00eatre partag\u00e9es aux partenaires de&nbsp;MIR  si le consentement de l\u2019utilisateur(trice) a \u00e9t\u00e9 donn\u00e9.<br>\n          <br>\n          <span style=\"font-size: 1.875rem; font-weight: 700;\">Commentaires<\/span>\n          <br>Quand un commentaire est laiss\u00e9 sur notre site Web, les donn\u00e9es inscrites dans le formulaire de commentaire, mais aussi ton adresse IP et l\u2019agent utilisateur de ton navigateur sont collect\u00e9s pour nous aider \u00e0 la d\u00e9tection des commentaires ind\u00e9sirables.<br>\n          <br>Une cha\u00eene anonymis\u00e9e cr\u00e9\u00e9e \u00e0 partir de ton adresse de messagerie (\u00e9galement appel\u00e9e&nbsp;<i>hash<\/i>) peut \u00eatre envoy\u00e9e au service Gravatar pour v\u00e9rifier si tu utilises ce dernier. Les clauses de confidentialit\u00e9 du service Gravatar sont disponibles ici :&nbsp;<a href=\"https:\/\/automattic.com\/privacy\/\" class=\"mFBTW sc-1u7r5kh-4 u-active-none u-border-none u-btn u-button-style u-hover-none u-none u-text-palette-1-base u-btn-2\">https:\/\/automattic.com\/privacy\/<\/a>.<br>\n          <br>Apr\u00e8s validation de ton commentaire, ta photo de profil sera visible publiquement \u00e0 c\u00f4t\u00e9 de ton commentaire. Les commentaires des visiteurs peuvent \u00eatre v\u00e9rifi\u00e9s \u00e0 l\u2019aide d\u2019un service automatis\u00e9 de d\u00e9tection des commentaires ind\u00e9sirables.<br>\n          <br>\n          <span style=\"font-size: 1.875rem; font-weight: 700;\">M\u00e9dias<\/span>\n          <br>Si tu es un(e) utilisateur(trice) enregistr\u00e9(e) et que tu t\u00e9l\u00e9verses des images sur le site Web, nous te conseillons d\u2019\u00e9viter de t\u00e9l\u00e9verser des images contenant des donn\u00e9es EXIF de coordonn\u00e9es GPS. Les visiteurs de notre site Web peuvent t\u00e9l\u00e9charger et extraire des donn\u00e9es de localisation depuis ces images.<br>\n          <br>\n          <span style=\"font-size: 1.875rem; font-weight: 700;\">Fichiers t\u00e9moins (cookies)<\/span>\n          <br>Si tu d\u00e9poses un commentaire sur notre site Web, il te sera propos\u00e9 d\u2019enregistrer ton nom, adresse de messagerie et site Web dans des cookies. C\u2019est uniquement pour ton confort afin de ne pas avoir \u00e0 saisir ces informations si tu d\u00e9poses un autre commentaire plus tard. Ces cookies expirent au bout d\u2019un an.<br>\n          <br>Si tu as un compte et que tu te connectes sur ce site, un cookie temporaire sera cr\u00e9\u00e9 afin de d\u00e9terminer si ton navigateur accepte les cookies. Il ne contient pas de donn\u00e9es personnelles et sera supprim\u00e9 automatiquement \u00e0 la fermeture de ton navigateur.<br>\n          <br>Lorsque tu te connectes, nous mettons en place un certain nombre de cookies pour enregistrer tes informations de connexion et tes pr\u00e9f\u00e9rences d\u2019\u00e9cran. La dur\u00e9e de vie d\u2019un cookie de connexion est de deux jours, celle d\u2019un cookie d\u2019option d\u2019\u00e9cran est d\u2019un an. Si tu coches \u00ab Se souvenir de moi \u00bb, le cookie de connexion sera conserv\u00e9 pendant deux semaines. Si tu te d\u00e9connectes de ton compte, le cookie de connexion sera effac\u00e9.<br>\n          <br>En modifiant ou en publiant un article, un cookie suppl\u00e9mentaire sera enregistr\u00e9 dans ton navigateur. Ce cookie ne comprend aucune donn\u00e9e personnelle. Il indique simplement l\u2019identifiant de l\u2019article que tu dois modifier. Il expire au bout d\u2019un jour.<br>\n          <br>\n          <span style=\"font-size: 1.875rem; font-weight: 700;\">Contenus embarqu\u00e9s depuis d\u2019autres site<\/span>\n          <br>Les pages de ce site peuvent inclure des contenus int\u00e9gr\u00e9s (par exemple, des vid\u00e9os, images, des widgets, etc.). Le contenu int\u00e9gr\u00e9 depuis d\u2019autres sites se comporte de la m\u00eame mani\u00e8re que si le(la) visiteur(euse) se rendait sur cet autre site.<br>\n          <br>Ces sites Web pourraient collecter des donn\u00e9es sur toi, utiliser des cookies, embarquer des outils de suivis tiers, suivre tes interactions avec ce contenus embarqu\u00e9s si tu disposes d\u2019un compte connect\u00e9 sur leur site Web.<br>Op\u00e9rations de marketing automatis\u00e9 et\/ou de profilage r\u00e9alis\u00e9es \u00e0 l\u2019aide des donn\u00e9es personnellesSi tu visites certaines pages de ce site, il est possible que ton navigateur enregistre un cookie pour une dur\u00e9e maximale d\u2019un an pour que nous puissions diffuser de la publicit\u00e9 pertinente via le r\u00e9seau Google AdWords et le pixel Facebook.<br>\n          <br>\n          <span style=\"font-size: 1.875rem; font-weight: 700;\">Statistiques et mesures d\u2019audience<\/span>\n          <span style=\"font-weight: 700;\">\n            <br>\n          <\/span>Ce site collecte des donn\u00e9es anonymes sur l\u2019audience pour mesurer la port\u00e9e du site Web.<br>\n          <br>\n          <span style=\"font-size: 1.875rem; font-weight: 700;\">Dur\u00e9e de stockage des donn\u00e9es<\/span>\n          <br>Si tu laisses un commentaire, le commentaire et ses m\u00e9tadonn\u00e9es sont conserv\u00e9s ind\u00e9finiment. Cela permet de reconna\u00eetre et d\u2019approuver automatiquement les commentaires suivants au lieu de les laisser dans la file de mod\u00e9ration.Pour les utilisateurs(trices) qui s\u2019enregistrent sur notre site (seulement si cela est possible), nous stockons \u00e9galement les donn\u00e9es personnelles indiqu\u00e9es dans leur profil. Tous les utilisateurs(trices) peuvent voir, modifier ou supprimer leurs informations personnelles \u00e0 tout moment (\u00e0 l\u2019exception de leur nom d\u2019utilisateur). Les gestionnaires du site peuvent aussi voir et modifier ces informations. Les mots de passe, pour leur part, sont encrypt\u00e9s dans les bases de donn\u00e9es.Les donn\u00e9es r\u00e9colt\u00e9es via les formulaires, le cas \u00e9ch\u00e9ant, sont conserv\u00e9es ind\u00e9finiment sur nos serveurs internes et\/ou dans un CRM. L\u2019acc\u00e8s \u00e0 nos serveurs physiques est restreint aux seules personnes qui disposent de l\u2019autorisation d\u2019y acc\u00e9der. Nous nous engageons \u00e0 reconna\u00eetre un droit d\u2019acc\u00e8s et de rectification aux personnes concern\u00e9es et d\u00e9sireuses de consulter, modifier, voire radier les informations les concernant. Il est \u00e0 noter que les abonn\u00e9(e)s \u00e0 notre liste de diffusion peuvent se d\u00e9sabonner \u00e0 tout moment.<br>\n          <br>\n          <span style=\"font-size: 1.875rem; font-weight: 700;\">Droit d\u2019acc\u00e8s, droit d\u2019opposition et droit de retrait<\/span>\n          <br>Nous nous engageons ainsi \u00e0 t\u2019offrir un droit d\u2019opposition et de retrait quant \u00e0 tes renseignements personnels. Le droit d\u2019opposition s\u2019entend comme \u00e9tant la possibilit\u00e9 offerte aux internautes de refuser que leurs renseignements personnels soient utilis\u00e9s \u00e0 certaines fins mentionn\u00e9es lors de la collecte (voir la section \u00ab Collecte des renseignements personnels \u00bb). Le droit de retrait s\u2019entend comme \u00e9tant la possibilit\u00e9 offerte aux internautes de demander \u00e0 ce que leurs renseignements personnels ne figurent plus, par exemple, dans une liste de diffusion.<br>\n          <br>Pour pouvoir exercer ces droits, tu dois communiquer directement avec notre \u00e9quipe par :<br>\n          <br>Courrier :<br> MIR coiffure et esth\u00e9tique<br>1264 Boul. Louis-XIV,&nbsp;<br>G2L 1M2,&nbsp;<br>Qu\u00e9bec, QC<br>\n          <br>Courriel :&nbsp; <span class=\"u-text-palette-1-base\">Myriam.deschenes88@gmail.com<\/span>\n          <br>T\u00e9l\u00e9phone :&nbsp;<span class=\"u-text-palette-1-base\"> 418-623-9816<\/span>\n          <br>\n          <br>\n          <span style=\"font-size: 1.875rem; font-weight: 700;\">Signaler un incident de confidentialit\u00e9<\/span>\n          <br>Il est possible de signaler un incident de confidentialit\u00e9, soit tout acc\u00e8s non autoris\u00e9 \u00e0 un renseignement personnel, \u00e0 son utilisation ou \u00e0 sa communication, de m\u00eame que sa perte ou toute autre forme d\u2019atteinte \u00e0 sa protection.&nbsp;<br>\n          <br>Pour ce faire, tu peux communiquer directement avec notre \u00e9quipe par:<br>\n          <br>Courrier :<br>MIR coiffure et esth\u00e9tique<br>1264 Boul. Louis-XIV,&nbsp;<br>G2L 1M2,&nbsp;<br>Qu\u00e9bec, QC<br>\n          <br>Courriel :&nbsp;<a href=\"mailto:vieprivee@quebecnumerique.com\" class=\"mFBTW sc-1u7r5kh-4 u-active-none u-border-none u-btn u-button-style u-hover-none u-none u-text-palette-1-base u-btn-3\"> Myriam.deschenes88@gmail.com<\/a>\n          <br>T\u00e9l\u00e9phone :&nbsp;<a href=\"tel:1-877-334-2547\" class=\"mFBTW sc-1u7r5kh-4 u-active-none u-border-none u-btn u-button-style u-hover-none u-none u-text-palette-1-base u-btn-4\"> 418-623-9816<\/a>\n          <br>\n          <br>\n          <span style=\"font-size: 1.875rem; font-weight: 700;\">Quels sont vos droits sur vos donn\u00e9es?<\/span>\n          <br>Si tu as un compte ou si tu as laiss\u00e9 des commentaires sur ce site, tu peux demander \u00e0 recevoir un fichier contenant toutes les donn\u00e9es personnelles que nous poss\u00e9dons \u00e0 ton sujet, incluant celles que tu nous as fournies. Tu peux \u00e9galement demander la suppression des donn\u00e9es personnelles te concernant, de m\u00eame que la rectification si les renseignements sont inexacts, incomplets ou \u00e9quivoques. Ceci ne prend pas en compte les donn\u00e9es conserv\u00e9es \u00e0 des fins administratives, l\u00e9gales ou pour des raisons de s\u00e9curit\u00e9.<br>\n          <br>\n          <span style=\"font-size: 1.875rem; font-weight: 700;\">L\u00e9gislation<\/span>\n          <br>Nous nous engageons \u00e0 respecter les dispositions l\u00e9gislatives \u00e9nonc\u00e9es dans la l\u00e9gislation provinciale et f\u00e9d\u00e9rale canadienne.Nous nous engageons aussi \u00e0 :Prendre les mesures raisonnables pour diminuer le risques qu\u2019un pr\u00e9judice soit caus\u00e9 et \u00e9viter que de nouveaux incidents de m\u00eame nature se produire si nous avons des motifs de croire qu\u2019un incident de confidentialit\u00e9 impliquant un renseignement personnel s\u2019est produit;<br>Aviser la Commission d\u2019acc\u00e8s \u00e0 l\u2019information et toute personne dont un renseignement personnel est concern\u00e9 par l\u2019incident si l\u2019incident pr\u00e9sente un pr\u00e9judice s\u00e9rieux pour les personnes concern\u00e9es.<br>De plus, les incidents de confidentialit\u00e9 sont consign\u00e9s dans un registre.<br>Changements sans pr\u00e9avisIl est \u00e0 noter que les conditions d\u2019utilisation sont dynamiques et sujettes \u00e0 changement \u00e0 tout moment et sans pr\u00e9avis. La cueillette et l\u2019utilisation des renseignements personnels seront assujetties \u00e0 la version de la politique alors affich\u00e9e et en vigueur.<br>\n          <br>\n          <span style=\"font-size: 1.875rem; font-weight: 700;\">Langue de traduction<\/span>\n          <br>La version fran\u00e7aise pr\u00e9vaut sur toute autre traduction des conditions d\u2019utilisation, et ce, afin d\u2019\u00e9viter toute interpr\u00e9tation disparate entre les deux versions.<br>\n          <br>\n          <span style=\"font-size: 1.875rem; font-weight: 700;\">Contact<\/span>\n          <br>Pour toute question, veuillez communiquer avec nous \u00e0&nbsp;<a href=\"mailto:info@webaquebec.org\" class=\"mFBTW sc-1u7r5kh-4 u-active-none u-border-none u-btn u-button-style u-hover-none u-none u-text-palette-1-base u-btn-5\"> Myriam.deschenes88@gmail.com<\/a>.\n        <\/p>\n      <\/div>\n    <\/section>\n    <section class=\"u-align-center u-border-2 u-border-grey-80 u-clearfix u-grey-80 u-section-2\" id=\"sec-68ce\">\n      <div class=\"u-align-left u-clearfix u-sheet u-sheet-1\">\n        <div class=\"u-expanded-width u-list u-list-1\">\n          <div class=\"u-repeater u-repeater-1\">\n            <div class=\"u-container-style u-list-item u-repeater-item\">\n              <div class=\"u-container-layout u-similar-container u-container-layout-1\">\n                <h3 class=\"u-align-left u-text u-text-1\"> MIR<\/h3>\n                <p class=\"u-align-left u-text u-text-2\"> Coiffure &amp; Esth\u00e9tique<\/p>\n              <\/div>\n            <\/div>\n            <div class=\"u-align-center u-container-style u-list-item u-repeater-item\">\n              <div class=\"u-container-layout u-similar-container u-container-layout-2\">\n                <h3 class=\"u-align-left u-text u-text-3\"> Nous contacter<\/h3>\n                <p class=\"u-align-left u-text u-text-4\"> Courriel :&nbsp;\u200bMyriam.deschenes88@gmail.com <br>T\u00e9l\u00e9phone :&nbsp;\u200b418-623-9816\n                <\/p>\n              <\/div>\n            <\/div>\n            <div class=\"u-container-style u-list-item u-repeater-item\">\n              <div class=\"u-container-layout u-similar-container u-container-layout-3\">\n                <h3 class=\"u-align-left u-text u-text-5\"> Liens utiles<\/h3>\n                <p class=\"u-align-left u-text u-text-6\">\n                  <a class=\"u-active-none u-border-none u-btn u-button-link u-button-style u-hover-none u-none u-text-palette-1-base u-btn-1\" href=\"https:\/\/creobtest.com\/index.php\/politique\/\"> Politique et confidentialit\u00e9<\/a>\n                <\/p>\n              <\/div>\n            <\/div>\n          <\/div>\n        <\/div>\n      <\/div>\n    <\/section>\n    \n    \n    \n    \n  \n","protected":false},"excerpt":{"rendered":"<p>Politique et confidentialit\u00e9 Introduction Devant le d\u00e9veloppement des nouveaux outils de communication, il est n\u00e9cessaire de porter une attention particuli\u00e8re \u00e0 la protection de la vie priv\u00e9e. C\u2019est pourquoi MIR s\u2019engage \u00e0 respecter la confidentialit\u00e9 des renseignements personnels collect\u00e9s. \u00c0 propos du site web Le site Web de MIR est op\u00e9r\u00e9 par Cr\u00e9ob.L\u2019utilisateur(trice) qui consulte &hellip; <a href=\"https:\/\/creobtest.com\/index.php\/politique\/\" class=\"more-link\">Continue reading<span class=\"screen-reader-text\"> &laquo;Politique&raquo;<\/span><\/a><\/p>\n","protected":false},"author":1,"featured_media":0,"parent":0,"menu_order":5,"comment_status":"closed","ping_status":"closed","template":"","meta":{"footnotes":""},"jetpack_sharing_enabled":true,"_links":{"self":[{"href":"https:\/\/creobtest.com\/index.php\/wp-json\/wp\/v2\/pages\/901"}],"collection":[{"href":"https:\/\/creobtest.com\/index.php\/wp-json\/wp\/v2\/pages"}],"about":[{"href":"https:\/\/creobtest.com\/index.php\/wp-json\/wp\/v2\/types\/page"}],"author":[{"embeddable":true,"href":"https:\/\/creobtest.com\/index.php\/wp-json\/wp\/v2\/users\/1"}],"replies":[{"embeddable":true,"href":"https:\/\/creobtest.com\/index.php\/wp-json\/wp\/v2\/comments?post=901"}],"version-history":[{"count":1,"href":"https:\/\/creobtest.com\/index.php\/wp-json\/wp\/v2\/pages\/901\/revisions"}],"predecessor-version":[{"id":906,"href":"https:\/\/creobtest.com\/index.php\/wp-json\/wp\/v2\/pages\/901\/revisions\/906"}],"wp:attachment":[{"href":"https:\/\/creobtest.com\/index.php\/wp-json\/wp\/v2\/media?parent=901"}],"curies":[{"name":"wp","href":"https:\/\/api.w.org\/{rel}","templated":true}]}}